{"id":31524,"date":"2024-06-18T11:31:50","date_gmt":"2024-06-18T17:31:50","guid":{"rendered":"https:\/\/learninginnovation.ca\/repertoire-dexperts-stim\/"},"modified":"2025-11-04T13:32:49","modified_gmt":"2025-11-04T20:32:49","slug":"repertoire-dexperts-stim","status":"publish","type":"page","link":"https:\/\/learninginnovation.ca\/fr\/repertoire-dexperts-stim\/","title":{"rendered":"R\u00e9pertoire d&#8217;experts STIM"},"content":{"rendered":"<div class=\"wpb-content-wrapper\"><p>[vc_row full_width=&#8221;stretch_row&#8221; content_placement=&#8221;middle&#8221; bg_type=&#8221;image&#8221; parallax_style=&#8221;vcpb-default&#8221; bg_image_new=&#8221;id^18051|url^https:\/\/learninginnovation.ca\/wp-content\/uploads\/2023\/08\/STEM_banner.png|caption^null|alt^null|title^STEM_banner|description^null&#8221; bg_image_repeat=&#8221;no-repeat&#8221; bg_override=&#8221;ex-full&#8221; css=&#8221;.vc_custom_1726086597798{margin-top: -50px !important;}&#8221; el_class=&#8221;pageBanner&#8221;][vc_column][vc_row_inner content_placement=&#8221;top&#8221;][vc_column_inner width=&#8221;1\/3&#8243;]<div id=\"ultimate-heading-339869d37bf1f250b\" class=\"uvc-heading ult-adjust-bottom-margin ultimate-heading-339869d37bf1f250b uvc-3229 \" data-hspacer=\"no_spacer\"  data-halign=\"left\" style=\"text-align:left\"><div class=\"uvc-heading-spacer no_spacer\" style=\"top\"><\/div><div class=\"uvc-main-heading ult-responsive\"  data-ultimate-target='.uvc-heading.ultimate-heading-339869d37bf1f250b h1'  data-responsive-json-new='{\"font-size\":\"\",\"line-height\":\"\"}' ><h1 style=\"font-weight:normal;color:#ffffff;\">Annuaire d&#039;experts<\/h1><\/div><\/div>[\/vc_column_inner][vc_column_inner width=&#8221;2\/3&#8243;][vc_column_text css=&#8221;&#8221;]<span style=\"color: #ffffff;\">Am\u00e9liorez l&#8217;apprentissage de vos \u00e9tudiants gr\u00e2ce \u00e0 notre annuaire d&#8217;experts, qui offre un acc\u00e8s transparent aux leaders de l&#8217;industrie pr\u00eats \u00e0 partager leurs connaissances et leur exp\u00e9rience.<\/span>[\/vc_column_text]<div class=\" ubtn-ctn-left \"><a class=\"ubtn-link ult-adjust-bottom-margin ubtn-left ubtn-small \" href=\"https:\/\/learninginnovation.ca\/fr\/k-12stem\/\" title=\"STIM accueil\" ><button type=\"button\" id=\"ubtn-7246\"  class=\"ubtn ult-adjust-bottom-margin ult-responsive ubtn-small ubtn-no-hover-bg  none  ubtn-left   tooltip-69d37bf1f2672\"  data-hover=\"#739600\" data-border-color=\"#FFFFFF\" data-bg=\"#739600\" data-hover-bg=\"#ffffff\" data-border-hover=\"#FFFFFF\" data-shadow-hover=\"\" data-shadow-click=\"none\" data-shadow=\"\" data-shd-shadow=\"\"  data-ultimate-target='#ubtn-7246'  data-responsive-json-new='{\"font-size\":\"desktop:20px;\",\"line-height\":\"\"}'  style=\"font-weight:bold;border-radius:3px;border-width:1px;border-color:#FFFFFF;border-style:solid;background: #739600;color: #ffffff;\"><span class=\"ubtn-hover\" style=\"background-color:#ffffff\"><\/span><span class=\"ubtn-data ubtn-text \" >Accueil STIM<\/span><\/button><\/a><\/div>[\/vc_column_inner][\/vc_row_inner][\/vc_column][\/vc_row][vc_row bg_type=&#8221;bg_color&#8221; bg_override=&#8221;ex-full&#8221; bg_color_value=&#8221;#F7FFDD&#8221;][vc_column width=&#8221;1\/4&#8243; css=&#8221;.vc_custom_1726083410106{margin-bottom: 0px !important;}&#8221;][vc_icon icon_fontawesome=&#8221;fas fa-info-circle&#8221; color=&#8221;custom&#8221; size=&#8221;lg&#8221; align=&#8221;center&#8221; css=&#8221;.vc_custom_1742252787202{margin-bottom: 0px !important;}&#8221; custom_color=&#8221;#739600&#8243;][vc_column_text css=&#8221;&#8221;]<\/p>\n<h4>Soutien aux enseignants<\/h4>\n<p>(en offrant de l\u2019information sur les m\u00e9tiers sp\u00e9cialis\u00e9s)[\/vc_column_text][\/vc_column][vc_column width=&#8221;1\/4&#8243; css=&#8221;.vc_custom_1726083416435{margin-bottom: 0px !important;}&#8221;][vc_icon icon_fontawesome=&#8221;fas fa-shuttle-van&#8221; color=&#8221;custom&#8221; size=&#8221;lg&#8221; align=&#8221;center&#8221; css=&#8221;.vc_custom_1742252845253{margin-bottom: 0px !important;}&#8221; custom_color=&#8221;#739600&#8243;][vc_column_text css=&#8221;&#8221;]<\/p>\n<h4>Accueil de sorties scolaires<\/h4>\n<p>[\/vc_column_text][\/vc_column][vc_column width=&#8221;1\/4&#8243; css=&#8221;.vc_custom_1726083421690{margin-bottom: 0px !important;}&#8221;][vc_icon icon_fontawesome=&#8221;fas fa-chalkboard-teacher&#8221; color=&#8221;custom&#8221; size=&#8221;lg&#8221; align=&#8221;center&#8221; css=&#8221;.vc_custom_1742252863506{margin-bottom: 0px !important;}&#8221; custom_color=&#8221;#739600&#8243;][vc_column_text css=&#8221;&#8221;]<\/p>\n<h4>Visites scolaires<\/h4>\n<p>[\/vc_column_text][\/vc_column][vc_column width=&#8221;1\/4&#8243; css=&#8221;.vc_custom_1726083428909{margin-bottom: 0px !important;}&#8221;][vc_icon icon_fontawesome=&#8221;fas fa-desktop&#8221; color=&#8221;custom&#8221; size=&#8221;lg&#8221; align=&#8221;center&#8221; css=&#8221;.vc_custom_1742252881675{margin-bottom: 0px !important;}&#8221; custom_color=&#8221;#739600&#8243;][vc_column_text css=&#8221;&#8221;]<\/p>\n<h4>Visite virtuelle en classe ou d&#8217;un atelier de m\u00e9tiers sp\u00e9cialis\u00e9s<\/h4>\n<p>[\/vc_column_text][\/vc_column][\/vc_row][vc_row][vc_column][vc_empty_space height=&#8221;45px&#8221;][vc_basic_grid post_type=&#8221;post&#8221; max_items=&#8221;-1&#8243; element_width=&#8221;3&#8243; orderby=&#8221;title&#8221; order=&#8221;ASC&#8221; item=&#8221;23322&#8243; css=&#8221;&#8221; grid_id=&#8221;vc_gid:1762197554110-561e599e-9eec-1&#8243; taxonomies=&#8221;3052&#8243;][\/vc_column][\/vc_row][vc_row][vc_column][vc_empty_space height=&#8221;45px&#8221;][vc_separator][vc_column_text css=&#8221;&#8221;]<a href=\"https:\/\/learninginnovation.ca\/fr\/stim\/\">Ramenez-moi \u00e0 la page d&#8217;accueil du programme STIM.<\/a>[\/vc_column_text][vc_raw_html css=&#8221;&#8221;]PHAgeG1sbnM6Y2M9Imh0dHA6Ly9jcmVhdGl2ZWNvbW1vbnMub3JnL25zIyIgeG1sbnM6ZGN0PSJodHRwOi8vcHVybC5vcmcvZGMvdGVybXMvIiBzdHlsZT0iZm9udC1zaXplOiAxM3B4OyI+Cgo8YSBwcm9wZXJ0eT0iZGN0OnRpdGxlIiByZWw9ImNjOmF0dHJpYnV0aW9uVVJMIiBocmVmPSJodHRwczovL2xlYXJuaW5naW5ub3ZhdGlvbi5jYS9mci9zdGltLyI+TGV0aGJyaWRnZSBQb2x5dGVjaG5pYyBTVElNIFByb2pldDwvYT4gcGFyIDxzcGFuIHByb3BlcnR5PSJjYzphdHRyaWJ1dGlvbk5hbWUiPkxldGhicmlkZ2UgUG9seXRlY2huaWM8L3NwYW4+IGVzdCBzb3VzIGxpY2VuY2UgCgo8YSBocmVmPSJodHRwczovL2NyZWF0aXZlY29tbW9ucy5vcmcvbGljZW5zZXMvYnktbmMtc2EvNC4wLz9yZWY9Y2hvb3Nlci12MSIgdGFyZ2V0PSJfYmxhbmsiIHJlbD0ibGljZW5zZSBub29wZW5lciBub3JlZmVycmVyIiBzdHlsZT0iZGlzcGxheTppbmxpbmUtYmxvY2s7Ij5DQyBCWS1OQy1TQSA0LjAKCjxpbWcgc3R5bGU9ImhlaWdodDoyMnB4IWltcG9ydGFudDttYXJnaW4tbGVmdDozcHg7dmVydGljYWwtYWxpZ246dGV4dC1ib3R0b207IiBzcmM9Imh0dHBzOi8vbWlycm9ycy5jcmVhdGl2ZWNvbW1vbnMub3JnL3ByZXNza2l0L2ljb25zL2NjLnN2Zz9yZWY9Y2hvb3Nlci12MSIgYWx0PSIiPgoKPGltZyBzdHlsZT0iaGVpZ2h0OjIycHghaW1wb3J0YW50O21hcmdpbi1sZWZ0OjNweDt2ZXJ0aWNhbC1hbGlnbjp0ZXh0LWJvdHRvbTsiIHNyYz0iaHR0cHM6Ly9taXJyb3JzLmNyZWF0aXZlY29tbW9ucy5vcmcvcHJlc3NraXQvaWNvbnMvYnkuc3ZnP3JlZj1jaG9vc2VyLXYxIiBhbHQ9IiI+Cgo8aW1nIHN0eWxlPSJoZWlnaHQ6MjJweCFpbXBvcnRhbnQ7bWFyZ2luLWxlZnQ6M3B4O3ZlcnRpY2FsLWFsaWduOnRleHQtYm90dG9tOyIgc3JjPSJodHRwczovL21pcnJvcnMuY3JlYXRpdmVjb21tb25zLm9yZy9wcmVzc2tpdC9pY29ucy9uYy5zdmc\/cmVmPWNob29zZXItdjEiIGFsdD0iIj4KCjxpbWcgc3R5bGU9ImhlaWdodDoyMnB4IWltcG9ydGFudDttYXJnaW4tbGVmdDozcHg7dmVydGljYWwtYWxpZ246dGV4dC1ib3R0b207IiBzcmM9Imh0dHBzOi8vbWlycm9ycy5jcmVhdGl2ZWNvbW1vbnMub3JnL3ByZXNza2l0L2ljb25zL3NhLnN2Zz9yZWY9Y2hvb3Nlci12MSIgYWx0PSIiPgoKPC9hPgoKPC9wPg==[\/vc_raw_html][\/vc_column][\/vc_row]<\/p>\n<\/div>","protected":false},"excerpt":{"rendered":"<p>Vous souhaitez en savoir plus sur nos outils et nos processus? Nous avons con\u00e7u des mini-cours ax\u00e9s sur les aspects essentiels de notre travail. <\/p>\n","protected":false},"author":178942057,"featured_media":28696,"parent":0,"menu_order":0,"comment_status":"closed","ping_status":"closed","template":"","meta":{"_coblocks_attr":"","_coblocks_dimensions":"","_coblocks_responsive_height":"","_coblocks_accordion_ie_support":"","_eb_attr":"","_crdt_document":"","_monsterinsights_skip_tracking":false,"_monsterinsights_sitenote_active":false,"_monsterinsights_sitenote_note":"","_monsterinsights_sitenote_category":0,"postBodyCss":"","postBodyMargin":[],"postBodyPadding":[],"postBodyBackground":{"backgroundType":"classic","gradient":""},"advanced_seo_description":"","jetpack_seo_html_title":"","jetpack_seo_noindex":false,"jetpack_post_was_ever_published":false,"footnotes":""},"class_list":["post-31524","page","type-page","status-publish","has-post-thumbnail","hentry","odd"],"jetpack_shortlink":"https:\/\/wp.me\/PbCczE-8cs","jetpack_sharing_enabled":true,"amp_enabled":true,"_links":{"self":[{"href":"https:\/\/learninginnovation.ca\/fr\/wp-json\/wp\/v2\/pages\/31524","targetHints":{"allow":["GET"]}}],"collection":[{"href":"https:\/\/learninginnovation.ca\/fr\/wp-json\/wp\/v2\/pages"}],"about":[{"href":"https:\/\/learninginnovation.ca\/fr\/wp-json\/wp\/v2\/types\/page"}],"author":[{"embeddable":true,"href":"https:\/\/learninginnovation.ca\/fr\/wp-json\/wp\/v2\/users\/178942057"}],"replies":[{"embeddable":true,"href":"https:\/\/learninginnovation.ca\/fr\/wp-json\/wp\/v2\/comments?post=31524"}],"version-history":[{"count":6,"href":"https:\/\/learninginnovation.ca\/fr\/wp-json\/wp\/v2\/pages\/31524\/revisions"}],"predecessor-version":[{"id":33149,"href":"https:\/\/learninginnovation.ca\/fr\/wp-json\/wp\/v2\/pages\/31524\/revisions\/33149"}],"wp:featuredmedia":[{"embeddable":true,"href":"https:\/\/learninginnovation.ca\/fr\/wp-json\/wp\/v2\/media\/28696"}],"wp:attachment":[{"href":"https:\/\/learninginnovation.ca\/fr\/wp-json\/wp\/v2\/media?parent=31524"}],"curies":[{"name":"wp","href":"https:\/\/api.w.org\/{rel}","templated":true}]}}