{"id":31521,"date":"2024-09-17T16:19:37","date_gmt":"2024-09-17T22:19:37","guid":{"rendered":"https:\/\/learninginnovation.ca\/reservation-dun-kit-stim\/"},"modified":"2025-06-10T15:03:44","modified_gmt":"2025-06-10T21:03:44","slug":"reservation-dun-kit-stim","status":"publish","type":"page","link":"https:\/\/learninginnovation.ca\/fr\/reservation-dun-kit-stim\/","title":{"rendered":"R\u00e9servation d&#8217;un kit STIM"},"content":{"rendered":"<div class=\"wpb-content-wrapper\"><p>[vc_row full_width=&#8221;stretch_row&#8221; content_placement=&#8221;middle&#8221; bg_type=&#8221;image&#8221; parallax_style=&#8221;vcpb-default&#8221; bg_image_new=&#8221;id^18051|url^https:\/\/learninginnovation.ca\/wp-content\/uploads\/2023\/08\/STEM_banner.png|caption^null|alt^null|title^STEM_banner|description^null&#8221; bg_image_repeat=&#8221;no-repeat&#8221; bg_override=&#8221;ex-full&#8221; css=&#8221;.vc_custom_1718728356911{margin-top: -50px !important;}&#8221; el_class=&#8221;pageBanner&#8221;][vc_column][vc_row_inner content_placement=&#8221;top&#8221;][vc_column_inner width=&#8221;1\/3&#8243;]<div id=\"ultimate-heading-758669f70b3bd8a49\" class=\"uvc-heading ult-adjust-bottom-margin ultimate-heading-758669f70b3bd8a49 uvc-2501 \" data-hspacer=\"no_spacer\"  data-halign=\"left\" style=\"text-align:left\"><div class=\"uvc-heading-spacer no_spacer\" style=\"top\"><\/div><div class=\"uvc-main-heading ult-responsive\"  data-ultimate-target='.uvc-heading.ultimate-heading-758669f70b3bd8a49 h1'  data-responsive-json-new='{\"font-size\":\"\",\"line-height\":\"\"}' ><h1 style=\"font-weight:normal;color:#ffffff;\">R\u00e9server un kit STIM<\/h1><\/div><\/div>[\/vc_column_inner][vc_column_inner width=&#8221;2\/3&#8243;][vc_column_text css=&#8221;&#8221;]<span style=\"color: #ffffff;\">Obtenez un kit STIM pour votre classe, voici comment!<br \/>\n<\/span>[\/vc_column_text]<div class=\" ubtn-ctn-left \"><a class=\"ubtn-link ult-adjust-bottom-margin ubtn-left ubtn-small \" href=\"https:\/\/learninginnovation.ca\/fr\/k-12stem\/\" title=\"STIM accueil\" ><button type=\"button\" id=\"ubtn-4351\"  class=\"ubtn ult-adjust-bottom-margin ult-responsive ubtn-small ubtn-no-hover-bg  none  ubtn-left   tooltip-69f70b3bd8b67\"  data-hover=\"#739600\" data-border-color=\"#FFFFFF\" data-bg=\"#739600\" data-hover-bg=\"#ffffff\" data-border-hover=\"#FFFFFF\" data-shadow-hover=\"\" data-shadow-click=\"none\" data-shadow=\"\" data-shd-shadow=\"\"  data-ultimate-target='#ubtn-4351'  data-responsive-json-new='{\"font-size\":\"desktop:20px;\",\"line-height\":\"\"}'  style=\"font-weight:bold;border-radius:3px;border-width:1px;border-color:#FFFFFF;border-style:solid;background: #739600;color: #ffffff;\"><span class=\"ubtn-hover\" style=\"background-color:#ffffff\"><\/span><span class=\"ubtn-data ubtn-text \" >Accueil STIM<\/span><\/button><\/a><\/div>[\/vc_column_inner][\/vc_row_inner][\/vc_column][\/vc_row][vc_row][vc_column][vc_empty_space height=&#8221;45px&#8221;][\/vc_column][\/vc_row][vc_row content_placement=&#8221;top&#8221;][vc_column offset=&#8221;vc_hidden-lg vc_hidden-md vc_hidden-sm&#8221;][vc_single_image image=&#8221;23746&#8243; img_size=&#8221;large&#8221; alignment=&#8221;center&#8221; css=&#8221;&#8221; el_class=&#8221;hideOnMobile&#8221;][\/vc_column][\/vc_row][vc_row content_placement=&#8221;top&#8221;][vc_column width=&#8221;1\/2&#8243;]<div id=\"ultimate-heading-645969f70b3bd8c1c\" class=\"uvc-heading ult-adjust-bottom-margin ultimate-heading-645969f70b3bd8c1c uvc-6406 \" data-hspacer=\"no_spacer\"  data-halign=\"left\" style=\"text-align:left\"><div class=\"uvc-heading-spacer no_spacer\" style=\"top\"><\/div><div class=\"uvc-main-heading ult-responsive\"  data-ultimate-target='.uvc-heading.ultimate-heading-645969f70b3bd8c1c h3'  data-responsive-json-new='{\"font-size\":\"\",\"line-height\":\"\"}' ><h3 style=\"font-weight:normal;\">1. R\u00e9servation<\/h3><\/div><\/div>[vc_column_text css=&#8221;&#8221;]Les kits STIM sont pr\u00e9sentement offerts uniquement en <strong>Alberta<\/strong>.<\/p>\n<p><strong>Les kits peuvent \u00eatre r\u00e9serv\u00e9s pour la dur\u00e9e de votre choix.<\/strong> Nous vous encourageons \u00e0 collaborer avec vos coll\u00e8gues afin de les utiliser dans toutes vos classes!<\/p>\n<p>Les r\u00e9servations <strong>doivent \u00eatre faites au moins une semaine<\/strong> \u00e0 l\u2019avance afin de tenir compte des d\u00e9lais de livraison, si applicable.<\/p>\n<p>Un(e) <strong>conseiller(\u00e8re) STIM<\/strong> communiquera avec vous dans les deux jours suivant votre r\u00e9servation pour r\u00e9pondre \u00e0 vos questions, fournir des renseignements suppl\u00e9mentaires et, au besoin, vous transmettre les informations de suivi de l\u2019envoi.[\/vc_column_text][\/vc_column][vc_column width=&#8221;1\/2&#8243; offset=&#8221;vc_hidden-xs&#8221;][vc_single_image image=&#8221;23614&#8243; img_size=&#8221;large&#8221; alignment=&#8221;right&#8221; css=&#8221;&#8221; el_class=&#8221;hideOnMobile&#8221;][\/vc_column][\/vc_row][vc_row content_placement=&#8221;top&#8221;][vc_column offset=&#8221;vc_hidden-lg vc_hidden-md vc_hidden-sm&#8221;][vc_single_image image=&#8221;23751&#8243; img_size=&#8221;large&#8221; alignment=&#8221;center&#8221; css=&#8221;&#8221; el_class=&#8221;hideOnMobile&#8221;][\/vc_column][\/vc_row][vc_row content_placement=&#8221;top&#8221;][vc_column width=&#8221;1\/2&#8243; offset=&#8221;vc_hidden-xs&#8221;][vc_single_image image=&#8221;23618&#8243; img_size=&#8221;large&#8221; css=&#8221;&#8221; el_class=&#8221;hideOnMobile&#8221;][\/vc_column][vc_column width=&#8221;1\/2&#8243;]<div id=\"ultimate-heading-252769f70b3bd8cbc\" class=\"uvc-heading ult-adjust-bottom-margin ultimate-heading-252769f70b3bd8cbc uvc-5854 \" data-hspacer=\"no_spacer\"  data-halign=\"left\" style=\"text-align:left\"><div class=\"uvc-heading-spacer no_spacer\" style=\"top\"><\/div><div class=\"uvc-main-heading ult-responsive\"  data-ultimate-target='.uvc-heading.ultimate-heading-252769f70b3bd8cbc h3'  data-responsive-json-new='{\"font-size\":\"\",\"line-height\":\"\"}' ><h3 style=\"font-weight:normal;\">2. R\u00e9ception de votre kit<\/h3><\/div><\/div>[vc_column_text css=&#8221;&#8221;]<\/p>\n<h5>M\u00e9thodes de livraison<\/h5>\n<ul>\n<li><strong>Exp\u00e9dition et livraison<\/strong><br \/>\nLes kits sont envoy\u00e9s ou livr\u00e9s directement \u00e0 votre adresse. L\u2019envoi initial est pay\u00e9 par notre service. Toutefois, <strong>vous \u00eates responsable d\u2019organiser et de payer le retour<\/strong> du kit au plus tard le dernier jour de votre r\u00e9servation. <\/li>\n<\/ul>\n<p>[\/vc_column_text][\/vc_column][\/vc_row][vc_row content_placement=&#8221;top&#8221;][vc_column offset=&#8221;vc_hidden-lg vc_hidden-md vc_hidden-sm&#8221;][vc_single_image image=&#8221;23750&#8243; img_size=&#8221;large&#8221; alignment=&#8221;center&#8221; css=&#8221;&#8221; el_class=&#8221;hideOnMobile&#8221;][\/vc_column][\/vc_row][vc_row content_placement=&#8221;top&#8221;][vc_column width=&#8221;1\/2&#8243;]<div id=\"ultimate-heading-578269f70b3bd8d45\" class=\"uvc-heading ult-adjust-bottom-margin ultimate-heading-578269f70b3bd8d45 uvc-5011 \" data-hspacer=\"no_spacer\"  data-halign=\"left\" style=\"text-align:left\"><div class=\"uvc-heading-spacer no_spacer\" style=\"top\"><\/div><div class=\"uvc-main-heading ult-responsive\"  data-ultimate-target='.uvc-heading.ultimate-heading-578269f70b3bd8d45 h3'  data-responsive-json-new='{\"font-size\":\"\",\"line-height\":\"\"}' ><h3 style=\"font-weight:normal;\">3. Retour de votre kit<\/h3><\/div><\/div>[vc_column_text css=&#8221;&#8221;]<\/p>\n<h5>M\u00e9thodes de retour<\/h5>\n<ul>\n<li><strong>Retour en personne<\/strong><br \/>\nLes kits peuvent \u00eatre d\u00e9pos\u00e9s \u00e0 Lethbridge Polytechnic entre <strong>8 h 30 et 16 h 30<\/strong> \u00e0 la date de retour pr\u00e9vue.<\/li>\n<li><strong>Retour par la poste<\/strong><br \/>\nLes kits peuvent \u00eatre retourn\u00e9s par la poste. <strong>Vous \u00eates responsable d\u2019organiser et de payer l\u2019exp\u00e9dition de retour<\/strong> au plus tard le dernier jour de votre r\u00e9servation.<\/li>\n<\/ul>\n<p>[\/vc_column_text][\/vc_column][vc_column width=&#8221;1\/2&#8243; offset=&#8221;vc_hidden-xs&#8221;][vc_single_image image=&#8221;23610&#8243; img_size=&#8221;large&#8221; alignment=&#8221;right&#8221; css=&#8221;&#8221; el_class=&#8221;hideOnMobile&#8221;][\/vc_column][\/vc_row][vc_row content_placement=&#8221;top&#8221;][vc_column offset=&#8221;vc_hidden-lg vc_hidden-md vc_hidden-sm&#8221;][vc_single_image image=&#8221;23753&#8243; img_size=&#8221;large&#8221; alignment=&#8221;center&#8221; css=&#8221;&#8221; el_class=&#8221;hideOnMobile&#8221;][\/vc_column][\/vc_row][vc_row content_placement=&#8221;top&#8221;][vc_column width=&#8221;1\/2&#8243; offset=&#8221;vc_hidden-xs&#8221;][vc_single_image image=&#8221;23616&#8243; img_size=&#8221;large&#8221; css=&#8221;&#8221; el_class=&#8221;hideOnMobile&#8221;][\/vc_column][vc_column width=&#8221;1\/2&#8243;]<div id=\"ultimate-heading-459769f70b3bd8dc9\" class=\"uvc-heading ult-adjust-bottom-margin ultimate-heading-459769f70b3bd8dc9 uvc-8076 \" data-hspacer=\"no_spacer\"  data-halign=\"left\" style=\"text-align:left\"><div class=\"uvc-heading-spacer no_spacer\" style=\"top\"><\/div><div class=\"uvc-main-heading ult-responsive\"  data-ultimate-target='.uvc-heading.ultimate-heading-459769f70b3bd8dc9 h3'  data-responsive-json-new='{\"font-size\":\"\",\"line-height\":\"\"}' ><h3 style=\"font-weight:normal;\">Pr\u00eat(e) \u00e0 commencer? R\u00e9servez votre kit! <\/h3><\/div><\/div><div class=\" vc_custom_1726077127540 ubtn-ctn-center \"><a class=\"ubtn-link ult-adjust-bottom-margin ubtn-center ubtn-block \" href=\"https:\/\/lethbridge-stem.booqable.store\/\" title=\"Book a STEM kit\" target=\"_blank\" rel=\"noopener\" ><button type=\"button\" id=\"ubtn-6571\"  class=\"ubtn ult-adjust-bottom-margin ult-responsive ubtn-block ubtn-no-hover-bg  none  ubtn-center   tooltip-69f70b3bd8e51 ubtn-block\"  data-hover=\"#FFFFFF\" data-border-color=\"\" data-bg=\"#739600\" data-hover-bg=\"#9AC900\" data-border-hover=\"\" data-shadow-hover=\"\" data-shadow-click=\"none\" data-shadow=\"\" data-shd-shadow=\"\"  data-ultimate-target='#ubtn-6571'  data-responsive-json-new='{\"font-size\":\"desktop:20px;\",\"line-height\":\"\"}'  style=\"font-weight:bold;border:none;background: #739600;color: #ffffff;\"><span class=\"ubtn-hover\" style=\"background-color:#9AC900\"><\/span><span class=\"ubtn-data ubtn-text \" >R\u00e9servez un kit STIM<\/span><\/button><\/a><\/div>[vc_column_text css=&#8221;&#8221;]Explorez les <a href=\"https:\/\/learninginnovation.ca\/fr\/kits-stim\/\">kits STIM<\/a> pour en savoir plus.<\/p>\n<p>Avez-vous encore des questions ? Envoyez-nous un courriel \u00e0 <a href=\"mailto:STEM@lethpolytech.ca\">STIM@lethpolytech.ca.<\/a>[\/vc_column_text][\/vc_column][\/vc_row][vc_row][vc_column][vc_empty_space height=&#8221;45px&#8221;][vc_separator][vc_column_text css=&#8221;&#8221;]<a href=\"https:\/\/learninginnovation.ca\/fr\/stim\/\">Ramenez-moi \u00e0 la page d&#8217;accueil du programme STIM.<\/a>[\/vc_column_text][vc_raw_html css=&#8221;&#8221;]PHAgeG1sbnM6Y2M9Imh0dHA6Ly9jcmVhdGl2ZWNvbW1vbnMub3JnL25zIyIgeG1sbnM6ZGN0PSJodHRwOi8vcHVybC5vcmcvZGMvdGVybXMvIiBzdHlsZT0iZm9udC1zaXplOiAxM3B4OyI+Cgo8YSBwcm9wZXJ0eT0iZGN0OnRpdGxlIiByZWw9ImNjOmF0dHJpYnV0aW9uVVJMIiBocmVmPSJodHRwczovL2xlYXJuaW5naW5ub3ZhdGlvbi5jYS9mci9zdGltLyI+TGV0aGJyaWRnZSBQb2x5dGVjaG5pYyBTVElNIFByb2pldDwvYT4gcGFyIDxzcGFuIHByb3BlcnR5PSJjYzphdHRyaWJ1dGlvbk5hbWUiPkxldGhicmlkZ2UgUG9seXRlY2huaWM8L3NwYW4+IGVzdCBzb3VzIGxpY2VuY2UgCgo8YSBocmVmPSJodHRwczovL2NyZWF0aXZlY29tbW9ucy5vcmcvbGljZW5zZXMvYnktbmMtc2EvNC4wLz9yZWY9Y2hvb3Nlci12MSIgdGFyZ2V0PSJfYmxhbmsiIHJlbD0ibGljZW5zZSBub29wZW5lciBub3JlZmVycmVyIiBzdHlsZT0iZGlzcGxheTppbmxpbmUtYmxvY2s7Ij5DQyBCWS1OQy1TQSA0LjAKCjxpbWcgc3R5bGU9ImhlaWdodDoyMnB4IWltcG9ydGFudDttYXJnaW4tbGVmdDozcHg7dmVydGljYWwtYWxpZ246dGV4dC1ib3R0b207IiBzcmM9Imh0dHBzOi8vbWlycm9ycy5jcmVhdGl2ZWNvbW1vbnMub3JnL3ByZXNza2l0L2ljb25zL2NjLnN2Zz9yZWY9Y2hvb3Nlci12MSIgYWx0PSIiPgoKPGltZyBzdHlsZT0iaGVpZ2h0OjIycHghaW1wb3J0YW50O21hcmdpbi1sZWZ0OjNweDt2ZXJ0aWNhbC1hbGlnbjp0ZXh0LWJvdHRvbTsiIHNyYz0iaHR0cHM6Ly9taXJyb3JzLmNyZWF0aXZlY29tbW9ucy5vcmcvcHJlc3NraXQvaWNvbnMvYnkuc3ZnP3JlZj1jaG9vc2VyLXYxIiBhbHQ9IiI+Cgo8aW1nIHN0eWxlPSJoZWlnaHQ6MjJweCFpbXBvcnRhbnQ7bWFyZ2luLWxlZnQ6M3B4O3ZlcnRpY2FsLWFsaWduOnRleHQtYm90dG9tOyIgc3JjPSJodHRwczovL21pcnJvcnMuY3JlYXRpdmVjb21tb25zLm9yZy9wcmVzc2tpdC9pY29ucy9uYy5zdmc\/cmVmPWNob29zZXItdjEiIGFsdD0iIj4KCjxpbWcgc3R5bGU9ImhlaWdodDoyMnB4IWltcG9ydGFudDttYXJnaW4tbGVmdDozcHg7dmVydGljYWwtYWxpZ246dGV4dC1ib3R0b207IiBzcmM9Imh0dHBzOi8vbWlycm9ycy5jcmVhdGl2ZWNvbW1vbnMub3JnL3ByZXNza2l0L2ljb25zL3NhLnN2Zz9yZWY9Y2hvb3Nlci12MSIgYWx0PSIiPgoKPC9hPgoKPC9wPg==[\/vc_raw_html][\/vc_column][\/vc_row]<\/p>\n<\/div>","protected":false},"excerpt":{"rendered":"<p>Vous souhaitez en savoir plus sur nos outils et nos processus? Nous avons con\u00e7u des mini-cours ax\u00e9s sur les aspects essentiels de notre travail. <\/p>\n","protected":false},"author":178942057,"featured_media":28696,"parent":0,"menu_order":0,"comment_status":"closed","ping_status":"closed","template":"","meta":{"_coblocks_attr":"","_coblocks_dimensions":"","_coblocks_responsive_height":"","_coblocks_accordion_ie_support":"","_eb_attr":"","_crdt_document":"","_monsterinsights_skip_tracking":false,"_monsterinsights_sitenote_active":false,"_monsterinsights_sitenote_note":"","_monsterinsights_sitenote_category":0,"postBodyCss":"","postBodyMargin":[],"postBodyPadding":[],"postBodyBackground":{"backgroundType":"classic","gradient":""},"advanced_seo_description":"","jetpack_seo_html_title":"","jetpack_seo_noindex":false,"footnotes":""},"class_list":["post-31521","page","type-page","status-publish","has-post-thumbnail","hentry","odd"],"jetpack_shortlink":"https:\/\/wp.me\/PbCczE-8cp","jetpack_sharing_enabled":true,"amp_enabled":true,"_links":{"self":[{"href":"https:\/\/learninginnovation.ca\/fr\/wp-json\/wp\/v2\/pages\/31521","targetHints":{"allow":["GET"]}}],"collection":[{"href":"https:\/\/learninginnovation.ca\/fr\/wp-json\/wp\/v2\/pages"}],"about":[{"href":"https:\/\/learninginnovation.ca\/fr\/wp-json\/wp\/v2\/types\/page"}],"author":[{"embeddable":true,"href":"https:\/\/learninginnovation.ca\/fr\/wp-json\/wp\/v2\/users\/178942057"}],"replies":[{"embeddable":true,"href":"https:\/\/learninginnovation.ca\/fr\/wp-json\/wp\/v2\/comments?post=31521"}],"version-history":[{"count":2,"href":"https:\/\/learninginnovation.ca\/fr\/wp-json\/wp\/v2\/pages\/31521\/revisions"}],"predecessor-version":[{"id":31523,"href":"https:\/\/learninginnovation.ca\/fr\/wp-json\/wp\/v2\/pages\/31521\/revisions\/31523"}],"wp:featuredmedia":[{"embeddable":true,"href":"https:\/\/learninginnovation.ca\/fr\/wp-json\/wp\/v2\/media\/28696"}],"wp:attachment":[{"href":"https:\/\/learninginnovation.ca\/fr\/wp-json\/wp\/v2\/media?parent=31521"}],"curies":[{"name":"wp","href":"https:\/\/api.w.org\/{rel}","templated":true}]}}