{"id":31511,"date":"2024-06-18T08:50:07","date_gmt":"2024-06-18T14:50:07","guid":{"rendered":"https:\/\/learninginnovation.ca\/activites-stim\/"},"modified":"2025-11-03T15:00:21","modified_gmt":"2025-11-03T22:00:21","slug":"activites-stim","status":"publish","type":"page","link":"https:\/\/learninginnovation.ca\/fr\/activites-stim\/","title":{"rendered":"Activit\u00e9s STIM"},"content":{"rendered":"<div class=\"wpb-content-wrapper\"><p>[vc_row full_width=&#8221;stretch_row&#8221; content_placement=&#8221;middle&#8221; bg_type=&#8221;image&#8221; parallax_style=&#8221;vcpb-default&#8221; bg_image_new=&#8221;id^18051|url^https:\/\/learninginnovation.ca\/wp-content\/uploads\/2023\/08\/STEM_banner.png|caption^null|alt^null|title^STEM_banner|description^null&#8221; bg_image_repeat=&#8221;no-repeat&#8221; bg_override=&#8221;ex-full&#8221; css=&#8221;.vc_custom_1726086573337{margin-top: -50px !important;}&#8221; el_class=&#8221;pageBanner&#8221;][vc_column][vc_row_inner content_placement=&#8221;top&#8221;][vc_column_inner width=&#8221;1\/3&#8243;]<div id=\"ultimate-heading-458369f86f4d95fc7\" class=\"uvc-heading ult-adjust-bottom-margin ultimate-heading-458369f86f4d95fc7 uvc-1962 \" data-hspacer=\"no_spacer\"  data-halign=\"left\" style=\"text-align:left\"><div class=\"uvc-heading-spacer no_spacer\" style=\"top\"><\/div><div class=\"uvc-main-heading ult-responsive\"  data-ultimate-target='.uvc-heading.ultimate-heading-458369f86f4d95fc7 h1'  data-responsive-json-new='{\"font-size\":\"\",\"line-height\":\"\"}' ><h1 style=\"font-weight:normal;color:#ffffff;\">Activit\u00e9s STIM<\/h1><\/div><\/div>[\/vc_column_inner][vc_column_inner width=&#8221;2\/3&#8243;][vc_column_text css=&#8221;&#8221;]<span style=\"color: #ffffff;\">Chaque activit\u00e9 propose une t\u00e2che concr\u00e8te, gardant les \u00e9l\u00e8ves engag\u00e9s tout en montrant l\u2019application pratique des concepts enseign\u00e9s.<\/span>[\/vc_column_text]<div class=\" ubtn-ctn-left \"><a class=\"ubtn-link ult-adjust-bottom-margin ubtn-left ubtn-small \" href=\"https:\/\/learninginnovation.ca\/fr\/k-12stem\/\" title=\"STIM accueil\" ><button type=\"button\" id=\"ubtn-8990\"  class=\"ubtn ult-adjust-bottom-margin ult-responsive ubtn-small ubtn-no-hover-bg  none  ubtn-left   tooltip-69f86f4d960be\"  data-hover=\"#739600\" data-border-color=\"#FFFFFF\" data-bg=\"#739600\" data-hover-bg=\"#FFFFFF\" data-border-hover=\"#FFFFFF\" data-shadow-hover=\"\" data-shadow-click=\"none\" data-shadow=\"\" data-shd-shadow=\"\"  data-ultimate-target='#ubtn-8990'  data-responsive-json-new='{\"font-size\":\"desktop:20px;\",\"line-height\":\"\"}'  style=\"font-weight:bold;border-radius:3px;border-width:1px;border-color:#FFFFFF;border-style:solid;background: #739600;color: #ffffff;\"><span class=\"ubtn-hover\" style=\"background-color:#FFFFFF\"><\/span><span class=\"ubtn-data ubtn-text \" >Accueil STIM<\/span><\/button><\/a><\/div>[\/vc_column_inner][\/vc_row_inner][\/vc_column][\/vc_row][vc_row disable_element=&#8221;yes&#8221;][vc_column width=&#8221;1\/4&#8243;][vc_column_text]AJOUTEZ LA CHAPELURE ICI[\/vc_column_text][\/vc_column][vc_column width=&#8221;3\/4&#8243;][vc_column_text]\n\t\t\t\t<form action=\"\" method=\"post\" class=\"searchandfilter\">\n\t\t\t\t\t<div><ul><li><input type=\"hidden\" id=\"_searchandfilter_nonce\" name=\"_searchandfilter_nonce\" value=\"e034da9bf4\" \/><input type=\"hidden\" name=\"_wp_http_referer\" value=\"\/fr\/wp-json\/wp\/v2\/pages\/31511\" \/><input type=\"hidden\" name=\"ofsubmitted\" value=\"1\"><input type=\"submit\" value=\"Submit\"><\/li><\/ul><\/div><\/form>[\/vc_column_text][\/vc_column][\/vc_row][vc_row disable_element=&#8221;yes&#8221;][vc_column][vc_empty_space height=&#8221;45px&#8221;][vc_separator][\/vc_column][\/vc_row][vc_row el_id=&#8221;Kits STIM&#8221;][vc_column][vc_tta_accordion c_icon=&#8221;chevron&#8221; active_section=&#8221;1&#8243;][vc_tta_section title=&#8221;Guides d&apos;activit\u00e9s&#8221; tab_id=&#8221;1762206969600-2f6b5758-7c81&#8243;][vc_basic_grid post_type=&#8221;post&#8221; max_items=&#8221;-1&#8243; element_width=&#8221;3&#8243; orderby=&#8221;title&#8221; order=&#8221;ASC&#8221; item=&#8221;13831&#8243; css=&#8221;&#8221; grid_id=&#8221;vc_gid:1762207075646-58baeac2-a2ed-0&#8243; taxonomies=&#8221;2676&#8243;][\/vc_tta_section][vc_tta_section title=&#8221;Documents pour les \u00e9l\u00e8ves&#8221; tab_id=&#8221;1762206969607-e4530e07-2294&#8243;][vc_basic_grid post_type=&#8221;post&#8221; max_items=&#8221;-1&#8243; element_width=&#8221;3&#8243; orderby=&#8221;title&#8221; order=&#8221;ASC&#8221; item=&#8221;13831&#8243; css=&#8221;&#8221; grid_id=&#8221;vc_gid:1762207075647-86ad08cc-fb87-4&#8243; taxonomies=&#8221;3553&#8243;][\/vc_tta_section][\/vc_tta_accordion][\/vc_column][\/vc_row][vc_row][vc_column][vc_empty_space height=&#8221;45px&#8221;][vc_separator][vc_column_text css=&#8221;&#8221;]<a href=\"https:\/\/learninginnovation.ca\/fr\/stim\/\">Ramenez-moi \u00e0 la page d&#8217;accueil du programme STIM.<\/a>[\/vc_column_text][vc_raw_html css=&#8221;&#8221;]PHAgeG1sbnM6Y2M9Imh0dHA6Ly9jcmVhdGl2ZWNvbW1vbnMub3JnL25zIyIgeG1sbnM6ZGN0PSJodHRwOi8vcHVybC5vcmcvZGMvdGVybXMvIiBzdHlsZT0iZm9udC1zaXplOiAxM3B4OyI+Cgo8YSBwcm9wZXJ0eT0iZGN0OnRpdGxlIiByZWw9ImNjOmF0dHJpYnV0aW9uVVJMIiBocmVmPSJodHRwczovL2xlYXJuaW5naW5ub3ZhdGlvbi5jYS9mci9zdGltLyI+TGV0aGJyaWRnZSBQb2x5dGVjaG5pYyBTVElNIFByb2pldDwvYT4gcGFyIDxzcGFuIHByb3BlcnR5PSJjYzphdHRyaWJ1dGlvbk5hbWUiPkxldGhicmlkZ2UgUG9seXRlY2huaWM8L3NwYW4+IGVzdCBzb3VzIGxpY2VuY2UgCgo8YSBocmVmPSJodHRwczovL2NyZWF0aXZlY29tbW9ucy5vcmcvbGljZW5zZXMvYnktbmMtc2EvNC4wLz9yZWY9Y2hvb3Nlci12MSIgdGFyZ2V0PSJfYmxhbmsiIHJlbD0ibGljZW5zZSBub29wZW5lciBub3JlZmVycmVyIiBzdHlsZT0iZGlzcGxheTppbmxpbmUtYmxvY2s7Ij5DQyBCWS1OQy1TQSA0LjAKCjxpbWcgc3R5bGU9ImhlaWdodDoyMnB4IWltcG9ydGFudDttYXJnaW4tbGVmdDozcHg7dmVydGljYWwtYWxpZ246dGV4dC1ib3R0b207IiBzcmM9Imh0dHBzOi8vbWlycm9ycy5jcmVhdGl2ZWNvbW1vbnMub3JnL3ByZXNza2l0L2ljb25zL2NjLnN2Zz9yZWY9Y2hvb3Nlci12MSIgYWx0PSIiPgoKPGltZyBzdHlsZT0iaGVpZ2h0OjIycHghaW1wb3J0YW50O21hcmdpbi1sZWZ0OjNweDt2ZXJ0aWNhbC1hbGlnbjp0ZXh0LWJvdHRvbTsiIHNyYz0iaHR0cHM6Ly9taXJyb3JzLmNyZWF0aXZlY29tbW9ucy5vcmcvcHJlc3NraXQvaWNvbnMvYnkuc3ZnP3JlZj1jaG9vc2VyLXYxIiBhbHQ9IiI+Cgo8aW1nIHN0eWxlPSJoZWlnaHQ6MjJweCFpbXBvcnRhbnQ7bWFyZ2luLWxlZnQ6M3B4O3ZlcnRpY2FsLWFsaWduOnRleHQtYm90dG9tOyIgc3JjPSJodHRwczovL21pcnJvcnMuY3JlYXRpdmVjb21tb25zLm9yZy9wcmVzc2tpdC9pY29ucy9uYy5zdmc\/cmVmPWNob29zZXItdjEiIGFsdD0iIj4KCjxpbWcgc3R5bGU9ImhlaWdodDoyMnB4IWltcG9ydGFudDttYXJnaW4tbGVmdDozcHg7dmVydGljYWwtYWxpZ246dGV4dC1ib3R0b207IiBzcmM9Imh0dHBzOi8vbWlycm9ycy5jcmVhdGl2ZWNvbW1vbnMub3JnL3ByZXNza2l0L2ljb25zL3NhLnN2Zz9yZWY9Y2hvb3Nlci12MSIgYWx0PSIiPgoKPC9hPgoKPC9wPg==[\/vc_raw_html][\/vc_column][\/vc_row]<\/p>\n<\/div>","protected":false},"excerpt":{"rendered":"<p>Vous souhaitez en savoir plus sur nos outils et nos processus? Nous avons con\u00e7u des mini-cours ax\u00e9s sur les aspects essentiels de notre travail. <\/p>\n","protected":false},"author":178942057,"featured_media":28696,"parent":0,"menu_order":0,"comment_status":"closed","ping_status":"closed","template":"","meta":{"_coblocks_attr":"","_coblocks_dimensions":"","_coblocks_responsive_height":"","_coblocks_accordion_ie_support":"","_eb_attr":"","_crdt_document":"","_monsterinsights_skip_tracking":false,"_monsterinsights_sitenote_active":false,"_monsterinsights_sitenote_note":"","_monsterinsights_sitenote_category":0,"postBodyCss":"","postBodyMargin":[],"postBodyPadding":[],"postBodyBackground":{"backgroundType":"classic","gradient":""},"advanced_seo_description":"","jetpack_seo_html_title":"","jetpack_seo_noindex":false,"footnotes":""},"class_list":["post-31511","page","type-page","status-publish","has-post-thumbnail","hentry","odd"],"jetpack_shortlink":"https:\/\/wp.me\/PbCczE-8cf","jetpack_sharing_enabled":true,"amp_enabled":true,"_links":{"self":[{"href":"https:\/\/learninginnovation.ca\/fr\/wp-json\/wp\/v2\/pages\/31511","targetHints":{"allow":["GET"]}}],"collection":[{"href":"https:\/\/learninginnovation.ca\/fr\/wp-json\/wp\/v2\/pages"}],"about":[{"href":"https:\/\/learninginnovation.ca\/fr\/wp-json\/wp\/v2\/types\/page"}],"author":[{"embeddable":true,"href":"https:\/\/learninginnovation.ca\/fr\/wp-json\/wp\/v2\/users\/178942057"}],"replies":[{"embeddable":true,"href":"https:\/\/learninginnovation.ca\/fr\/wp-json\/wp\/v2\/comments?post=31511"}],"version-history":[{"count":4,"href":"https:\/\/learninginnovation.ca\/fr\/wp-json\/wp\/v2\/pages\/31511\/revisions"}],"predecessor-version":[{"id":33146,"href":"https:\/\/learninginnovation.ca\/fr\/wp-json\/wp\/v2\/pages\/31511\/revisions\/33146"}],"wp:featuredmedia":[{"embeddable":true,"href":"https:\/\/learninginnovation.ca\/fr\/wp-json\/wp\/v2\/media\/28696"}],"wp:attachment":[{"href":"https:\/\/learninginnovation.ca\/fr\/wp-json\/wp\/v2\/media?parent=31511"}],"curies":[{"name":"wp","href":"https:\/\/api.w.org\/{rel}","templated":true}]}}