{"id":31501,"date":"2022-08-23T15:27:31","date_gmt":"2022-08-23T21:27:31","guid":{"rendered":"https:\/\/learninginnovation.ca\/stim\/"},"modified":"2025-10-10T12:37:02","modified_gmt":"2025-10-10T18:37:02","slug":"stim","status":"publish","type":"page","link":"https:\/\/learninginnovation.ca\/fr\/","title":{"rendered":"STIM"},"content":{"rendered":"<div class=\"wpb-content-wrapper\"><p>[vc_row full_width=&#8221;stretch_row&#8221; content_placement=&#8221;middle&#8221; bg_type=&#8221;image&#8221; parallax_style=&#8221;vcpb-default&#8221; bg_image_new=&#8221;id^18051|url^https:\/\/learninginnovation.ca\/wp-content\/uploads\/2023\/08\/STEM_banner.png|caption^null|alt^null|title^STEM_banner|description^null&#8221; bg_image_repeat=&#8221;no-repeat&#8221; bg_override=&#8221;full&#8221; el_class=&#8221;pageBanner&#8221; css=&#8221;.vc_custom_1718729050734{margin-top: -50px !important;padding-top: 25px !important;padding-bottom: 25px !important;}&#8221;][vc_column][vc_raw_html css=&#8221;&#8221;]W3dwbWxfbGFuZ3VhZ2Vfc2VsZWN0b3Jfd2lkZ2V0XQ==[\/vc_raw_html]<div id=\"ultimate-heading-78369d76a14ba014\" class=\"uvc-heading ult-adjust-bottom-margin ultimate-heading-78369d76a14ba014 uvc-9313 \" data-hspacer=\"no_spacer\"  data-halign=\"left\" style=\"text-align:left\"><div class=\"uvc-heading-spacer no_spacer\" style=\"top\"><\/div><div class=\"uvc-main-heading ult-responsive\"  data-ultimate-target='.uvc-heading.ultimate-heading-78369d76a14ba014 h1'  data-responsive-json-new='{\"font-size\":\"\",\"line-height\":\"\"}' ><h1 style=\"font-weight:normal;color:#FFFFFF;\">Votre partenaire en STIM<\/h1><\/div><div class=\"uvc-sub-heading ult-responsive\"  data-ultimate-target='.uvc-heading.ultimate-heading-78369d76a14ba014 .uvc-sub-heading '  data-responsive-json-new='{\"font-size\":\"\",\"line-height\":\"\"}'  style=\"font-weight:normal;color:#FFFFFF;margin-top:-20;margin-bottom:20px;\"><span style=\"color: #ffffff;\"><strong>Sciences, Technologie, Ing\u00e9nierie et Math\u00e9matiques<\/strong><\/span><\/div><\/div>[vc_column_text css=&#8221;&#8221;]<span style=\"color: #ffffff;\">Le <em>Centre for Trades<\/em> de Lethbridge Polytechnic engage les \u00e9ducateurs et les \u00e9tudiants de la maternelle \u00e0 la 12e ann\u00e9e en offrant des exp\u00e9riences d&#8217;apprentissage STIM pratiques li\u00e9 aux carri\u00e8res dans les m\u00e9tiers sp\u00e9cialis\u00e9s. Gr\u00e2ce au d\u00e9veloppement professionnel, \u00e0 la programmation d&#8217;activit\u00e9s en classe, aux kits d&#8217;outils compl\u00e9mentaires, aux ressources p\u00e9dagogiques et aux partenariats industriels, nous visons \u00e0 inspirer la prochaine g\u00e9n\u00e9ration de professionnels des m\u00e9tiers sp\u00e9cialis\u00e9s. <\/span>[\/vc_column_text][\/vc_column][\/vc_row][vc_row bg_type=&#8221;bg_color&#8221; bg_override=&#8221;ex-full&#8221; bg_color_value=&#8221;#F7FFDD&#8221;][vc_column width=&#8221;1\/4&#8243; css=&#8221;.vc_custom_1726083410106{margin-bottom: 0px !important;}&#8221;][vc_single_image image=&#8221;28977&#8243; img_size=&#8221;80&#215;80&#8243; alignment=&#8221;center&#8221; onclick=&#8221;custom_link&#8221; css=&#8221;.vc_custom_1718729856720{margin-bottom: 20px !important;}&#8221; link=&#8221;#STEM_kits&#8221;]<div class=\" ubtn-ctn-center smallButtonBlock\"><a class=\"ubtn-link ult-adjust-bottom-margin ubtn-center ubtn-block smallButtonBlock\" href=\"https:\/\/learninginnovation.ca\/fr\/stem-kits\/\" title=\"STEM Kits\" ><button type=\"button\" id=\"ubtn-4026\"  class=\"ubtn ult-adjust-bottom-margin ult-responsive ubtn-block ubtn-no-hover-bg  none  ubtn-center   tooltip-69d76a14ba183 ubtn-block\"  data-hover=\"#ffffff\" data-border-color=\"#63656D\" data-bg=\"rgba(9,10,15,0.01)\" data-hover-bg=\"#739600\" data-border-hover=\"#739600\" data-shadow-hover=\"\" data-shadow-click=\"none\" data-shadow=\"\" data-shd-shadow=\"\"  data-ultimate-target='#ubtn-4026'  data-responsive-json-new='{\"font-size\":\"desktop:20px;\",\"line-height\":\"\"}'  style=\"font-weight:bold;border-radius:3px;border-width:1px;border-color:#63656D;border-style:solid;background: rgba(9,10,15,0.01);color: #63656D;\"><span class=\"ubtn-hover\" style=\"background-color:#739600\"><\/span><span class=\"ubtn-data ubtn-text \" >D\u00e9couvrir les kits<\/span><\/button><\/a><\/div>[vc_column_text css=&#8221;&#8221;]D\u00e9couvrez notre collection de kits pr\u00eats pour la salle de classe, mettant en vedette des outils utilis\u00e9s dans les m\u00e9tiers sp\u00e9cialis\u00e9s.[\/vc_column_text][\/vc_column][vc_column width=&#8221;1\/4&#8243; css=&#8221;.vc_custom_1726083416435{margin-bottom: 0px !important;}&#8221;][vc_single_image image=&#8221;28980&#8243; img_size=&#8221;80&#215;80&#8243; alignment=&#8221;center&#8221; onclick=&#8221;custom_link&#8221; css=&#8221;.vc_custom_1718729865078{margin-bottom: 20px !important;}&#8221; link=&#8221;#STEM_kits&#8221;]<div class=\" ubtn-ctn-center smallButtonBlock\"><a class=\"ubtn-link ult-adjust-bottom-margin ubtn-center ubtn-block smallButtonBlock\" href=\"https:\/\/learninginnovation.ca\/fr\/stem-activities\/\" title=\"STEM Activities\" ><button type=\"button\" id=\"ubtn-3020\"  class=\"ubtn ult-adjust-bottom-margin ult-responsive ubtn-block ubtn-no-hover-bg  none  ubtn-center   tooltip-69d76a14ba28a ubtn-block\"  data-hover=\"#ffffff\" data-border-color=\"#63656d\" data-bg=\"rgba(9,10,15,0.01)\" data-hover-bg=\"#739600\" data-border-hover=\"#739600\" data-shadow-hover=\"\" data-shadow-click=\"none\" data-shadow=\"\" data-shd-shadow=\"\"  data-ultimate-target='#ubtn-3020'  data-responsive-json-new='{\"font-size\":\"desktop:20px;\",\"line-height\":\"\"}'  style=\"font-weight:bold;border-radius:3px;border-width:1px;border-color:#63656d;border-style:solid;background: rgba(9,10,15,0.01);color: #63656d;\"><span class=\"ubtn-hover\" style=\"background-color:#739600\"><\/span><span class=\"ubtn-data ubtn-text \" >D\u00e9couvrir les activit\u00e9s<\/span><\/button><\/a><\/div>[vc_column_text css=&#8221;&#8221;]Des activit\u00e9s en classe pr\u00eates \u00e0 \u00eatre enseign\u00e9es, avec des t\u00e2ches r\u00e9elles et des liens avec les m\u00e9tiers.[\/vc_column_text][\/vc_column][vc_column width=&#8221;1\/4&#8243; css=&#8221;.vc_custom_1726083421690{margin-bottom: 0px !important;}&#8221;][vc_single_image image=&#8221;28979&#8243; img_size=&#8221;80&#215;80&#8243; alignment=&#8221;center&#8221; onclick=&#8221;custom_link&#8221; css=&#8221;.vc_custom_1718729874615{margin-bottom: 20px !important;}&#8221; link=&#8221;#STEM_kits&#8221;]<div class=\" ubtn-ctn-center smallButtonBlock\"><a class=\"ubtn-link ult-adjust-bottom-margin ubtn-center ubtn-block smallButtonBlock\" href=\"https:\/\/learninginnovation.ca\/fr\/stem-videos\/\" title=\"STEM Videos\" ><button type=\"button\" id=\"ubtn-2121\"  class=\"ubtn ult-adjust-bottom-margin ult-responsive ubtn-block ubtn-no-hover-bg  none  ubtn-center   tooltip-69d76a14ba354 ubtn-block\"  data-hover=\"#ffffff\" data-border-color=\"#63656d\" data-bg=\"rgba(9,10,15,0.01)\" data-hover-bg=\"#739600\" data-border-hover=\"#739600\" data-shadow-hover=\"\" data-shadow-click=\"none\" data-shadow=\"\" data-shd-shadow=\"\"  data-ultimate-target='#ubtn-2121'  data-responsive-json-new='{\"font-size\":\"desktop:20px;\",\"line-height\":\"\"}'  style=\"font-weight:bold;border-radius:3px;border-width:1px;border-color:#63656d;border-style:solid;background: rgba(9,10,15,0.01);color: #63656d;\"><span class=\"ubtn-hover\" style=\"background-color:#739600\"><\/span><span class=\"ubtn-data ubtn-text \" >D\u00e9couvrir les vid\u00e9os<\/span><\/button><\/a><\/div>[vc_column_text css=&#8221;&#8221;]Notre vid\u00e9oth\u00e8que comprend des aper\u00e7us des outils inclus dans les kits, ainsi que des vid\u00e9os explicatives pour la classe.[\/vc_column_text][\/vc_column][vc_column width=&#8221;1\/4&#8243; css=&#8221;.vc_custom_1726083428909{margin-bottom: 0px !important;}&#8221;][vc_single_image image=&#8221;28978&#8243; img_size=&#8221;80&#215;80&#8243; alignment=&#8221;center&#8221; onclick=&#8221;custom_link&#8221; css=&#8221;.vc_custom_1718729883212{margin-bottom: 20px !important;}&#8221; link=&#8221;#STEM_kits&#8221;]<div class=\" ubtn-ctn-center smallButtonBlock\"><a class=\"ubtn-link ult-adjust-bottom-margin ubtn-center ubtn-block smallButtonBlock\" href=\"https:\/\/learninginnovation.ca\/fr\/stem-expert-directory\/\" title=\"Expert directory\" ><button type=\"button\" id=\"ubtn-2913\"  class=\"ubtn ult-adjust-bottom-margin ult-responsive ubtn-block ubtn-no-hover-bg  none  ubtn-center   tooltip-69d76a14ba412 ubtn-block\"  data-hover=\"#ffffff\" data-border-color=\"#63656d\" data-bg=\"rgba(9,10,15,0.01)\" data-hover-bg=\"#739600\" data-border-hover=\"#739600\" data-shadow-hover=\"\" data-shadow-click=\"none\" data-shadow=\"\" data-shd-shadow=\"\"  data-ultimate-target='#ubtn-2913'  data-responsive-json-new='{\"font-size\":\"desktop:20px;\",\"line-height\":\"\"}'  style=\"font-weight:bold;border-radius:3px;border-width:1px;border-color:#63656d;border-style:solid;background: rgba(9,10,15,0.01);color: #63656d;\"><span class=\"ubtn-hover\" style=\"background-color:#739600\"><\/span><span class=\"ubtn-data ubtn-text \" >R\u00e9pertoire d\u2019experts<\/span><\/button><\/a><\/div>[vc_column_text css=&#8221;&#8221;]Communiquez avec des experts de l\u2019industrie pour organiser des visites en classe, des sorties scolaires et bien plus![\/vc_column_text][\/vc_column][\/vc_row][vc_row][vc_column][vc_empty_space height=&#8221;45px&#8221;][\/vc_column][\/vc_row][vc_row content_placement=&#8221;top&#8221;][vc_column width=&#8221;1\/2&#8243;]<div id=\"ultimate-heading-484869d76a14ba4be\" class=\"uvc-heading ult-adjust-bottom-margin ultimate-heading-484869d76a14ba4be uvc-302 \" data-hspacer=\"no_spacer\"  data-halign=\"left\" style=\"text-align:left\"><div class=\"uvc-heading-spacer no_spacer\" style=\"top\"><\/div><div class=\"uvc-main-heading ult-responsive\"  data-ultimate-target='.uvc-heading.ultimate-heading-484869d76a14ba4be h3'  data-responsive-json-new='{\"font-size\":\"\",\"line-height\":\"\"}' ><h3 style=\"font-weight:normal;\">R\u00e9servez un kit STIM pour votre classe<\/h3><\/div><\/div>[vc_column_text css=&#8221;&#8221;]Nos kits p\u00e9dagogiques sont le fruit d\u2019une collaboration entre les instructeurs en m\u00e9tiers sp\u00e9cialis\u00e9s de Lethbridge Polytechnic, des experts de l\u2019industrie et des enseignants de la maternelle \u00e0 la 12e ann\u00e9e. Ils sont enti\u00e8rement gratuits et peuvent \u00eatre r\u00e9cup\u00e9r\u00e9s \u00e0 Lethbridge Polytechnic ou exp\u00e9di\u00e9s directement \u00e0 votre classe![\/vc_column_text]<div class=\" vc_custom_1726611693872 ubtn-ctn-center \"><a class=\"ubtn-link ult-adjust-bottom-margin ubtn-center ubtn-block \" href=\"https:\/\/learninginnovation.ca\/fr\/stem-kit-booking\/\" title=\"Book a STEM kit - learn more\" ><button type=\"button\" id=\"ubtn-8696\"  class=\"ubtn ult-adjust-bottom-margin ult-responsive ubtn-block ubtn-no-hover-bg  none  ubtn-center   tooltip-69d76a14ba5c7 ubtn-block\"  data-hover=\"#FFFFFF\" data-border-color=\"\" data-bg=\"#739600\" data-hover-bg=\"#9AC900\" data-border-hover=\"\" data-shadow-hover=\"\" data-shadow-click=\"none\" data-shadow=\"\" data-shd-shadow=\"\"  data-ultimate-target='#ubtn-8696'  data-responsive-json-new='{\"font-size\":\"desktop:20px;\",\"line-height\":\"\"}'  style=\"font-weight:bold;border:none;background: #739600;color: #ffffff;\"><span class=\"ubtn-hover\" style=\"background-color:#9AC900\"><\/span><span class=\"ubtn-data ubtn-text \" >D\u00e9couvrez comment r\u00e9server un kit STIM<\/span><\/button><\/a><\/div>[\/vc_column][vc_column width=&#8221;1\/2&#8243; offset=&#8221;vc_hidden-xs&#8221;][vc_single_image image=&#8221;29314&#8243; img_size=&#8221;large&#8221; alignment=&#8221;right&#8221; css=&#8221;&#8221; el_class=&#8221;hideOnMobile&#8221;][\/vc_column][\/vc_row][vc_row content_placement=&#8221;top&#8221;][vc_column width=&#8221;1\/2&#8243; offset=&#8221;vc_hidden-xs&#8221;][vc_single_image image=&#8221;29325&#8243; img_size=&#8221;large&#8221; css=&#8221;&#8221; el_class=&#8221;hideOnMobile&#8221;][\/vc_column][vc_column width=&#8221;1\/2&#8243;]<div id=\"ultimate-heading-784969d76a14ba679\" class=\"uvc-heading ult-adjust-bottom-margin ultimate-heading-784969d76a14ba679 uvc-8466 \" data-hspacer=\"no_spacer\"  data-halign=\"left\" style=\"text-align:left\"><div class=\"uvc-heading-spacer no_spacer\" style=\"top\"><\/div><div class=\"uvc-main-heading ult-responsive\"  data-ultimate-target='.uvc-heading.ultimate-heading-784969d76a14ba679 h3'  data-responsive-json-new='{\"font-size\":\"\",\"line-height\":\"\"}' ><h3 style=\"font-weight:normal;\">Exp\u00e9riences d&#039;apprentissage pratiques<\/h3><\/div><\/div>[vc_column_text css=&#8221;&#8221;]<\/p>\n<h5>D\u00e9veloppement professionnel<\/h5>\n<p>Nos consultant(e)s en STIM sont disponibles pour visiter votre \u00e9cole en personne ou virtuellement afin d\u2019offrir une formation pratique aux enseignants, et ainsi maximiser l\u2019utilisation des kits et des ressources STIM.<\/p>\n<h5>Activit\u00e9s en classe<\/h5>\n<p>Faites entrer les m\u00e9tiers sp\u00e9cialis\u00e9s dans votre classe, en toute simplicit\u00e9! Nous offrons des options flexibles pour r\u00e9server les services d\u2019un(e) consultant(e) STIM qui animera des activit\u00e9s pratiques dans votre classe.[\/vc_column_text]<div class=\" vc_custom_1726677530915 ubtn-ctn-center \"><a class=\"ubtn-link ult-adjust-bottom-margin ubtn-center ubtn-block \" href=\"https:\/\/learninginnovation.ca\/fr\/stem-session-booking\/\" title=\"STEM session booking\" ><button type=\"button\" id=\"ubtn-1798\"  class=\"ubtn ult-adjust-bottom-margin ult-responsive ubtn-block ubtn-no-hover-bg  none  ubtn-center   tooltip-69d76a14ba770 ubtn-block\"  data-hover=\"#FFFFFF\" data-border-color=\"\" data-bg=\"#739600\" data-hover-bg=\"#9AC900\" data-border-hover=\"\" data-shadow-hover=\"\" data-shadow-click=\"none\" data-shadow=\"\" data-shd-shadow=\"\"  data-ultimate-target='#ubtn-1798'  data-responsive-json-new='{\"font-size\":\"desktop:20px;\",\"line-height\":\"\"}'  style=\"font-weight:bold;border:none;background: #739600;color: #ffffff;\"><span class=\"ubtn-hover\" style=\"background-color:#9AC900\"><\/span><span class=\"ubtn-data ubtn-text \" >En savoir plus sur la r\u00e9servation des ateliers STIM<\/span><\/button><\/a><\/div>[\/vc_column][\/vc_row][vc_row][vc_column][vc_separator][vc_empty_space height=&#8221;45px&#8221;][\/vc_column][\/vc_row][vc_row][vc_column]<div id=\"ultimate-heading-495869d76a14ba82b\" class=\"uvc-heading ult-adjust-bottom-margin ultimate-heading-495869d76a14ba82b uvc-9405 \" data-hspacer=\"no_spacer\"  data-halign=\"left\" style=\"text-align:left\"><div class=\"uvc-heading-spacer no_spacer\" style=\"top\"><\/div><div class=\"uvc-main-heading ult-responsive\"  data-ultimate-target='.uvc-heading.ultimate-heading-495869d76a14ba82b h3'  data-responsive-json-new='{\"font-size\":\"\",\"line-height\":\"\"}' ><h3 style=\"font-weight:normal;\">Contactez l\u2019\u00e9quipe STIM<\/h3><\/div><\/div>[vc_column_text css=&#8221;&#8221;]<\/p>\n<p>Nous sommes \u00e0 votre \u00e9coute!<\/p>\n<p>[\/vc_column_text][vc_row_inner][vc_column_inner width=&#8221;1\/3&#8243;][vc_column_text css=&#8221;&#8221;]Avez-vous des <strong>id\u00e9es<\/strong> de kits ou d\u2019activit\u00e9s STIM et souhaitez <strong>collaborer<\/strong>? <a href=\"mailto:stem@lethpolytech.ca\" target=\"_blank\" rel=\"noopener\"><br \/>\n  <strong><br \/>\n    <span style=\"color: #739600; text-decoration: underline;\">\u00c9CRIVEZ \u00c0 L\u2019\u00c9QUIPE STIM<\/span><br \/>\n  <\/strong><br \/>\n<\/a>[\/vc_column_text][\/vc_column_inner][vc_column_inner width=&#8221;1\/3&#8243;][vc_column_text css=&#8221;&#8221;]Avez-vous r\u00e9cemment <strong>particip\u00e9 \u00e0 une activit\u00e9 STIM<\/strong> ou <strong>utilis\u00e9 un kit STIM<\/strong> en classe? <a href=\"https:\/\/forms.office.com\/Pages\/ResponsePage.aspx?id=6fr1V66S7E-Ix74mVJMB6ABqV51qr9ZPiJbxMjnlHz9UN05OU0hPRklNWTkyWTdQVE9BUk5JUFBHWS4u\" target=\"_blank\" rel=\"noopener\"><br \/>\n  <span style=\"color: #739600; text-decoration: underline;\"><br \/>\n    <strong>FORMULAIRE DE RETOUR D\u2019INFORMATION ET T\u00c9MOIGNAGE<\/strong><br \/>\n  <\/span><br \/>\n<\/a>[\/vc_column_text][\/vc_column_inner][vc_column_inner width=&#8221;1\/3&#8243;][vc_column_text css=&#8221;&#8221;]\u00cates-vous un<strong> expert de l\u2019industrie<\/strong> souhaitant vous impliquer et partager vos connaissances? <a href=\"https:\/\/forms.office.com\/pages\/responsepage.aspx?id=6fr1V66S7E-Ix74mVJMB6NVp8OzqPD1NhlI_Y94k94BUNDBVN0MwSEtBWTBSWVdNWUpPTlY1WTM1UiQlQCN0PWcu&amp;route=shorturl\" target=\"_blank\" rel=\"noopener\"><br \/>\n  <span style=\"color: #739600; text-decoration: underline;\"><br \/>\n    <strong>FORMULAIRE DE DEMANDE D\u2019INFORMATION<\/strong><br \/>\n  <\/span><br \/>\n<\/a>[\/vc_column_text][\/vc_column_inner][\/vc_row_inner][vc_empty_space height=&#8221;45px&#8221;][vc_raw_html css=&#8221;&#8221;]PHAgeG1sbnM6Y2M9Imh0dHA6Ly9jcmVhdGl2ZWNvbW1vbnMub3JnL25zIyIgeG1sbnM6ZGN0PSJodHRwOi8vcHVybC5vcmcvZGMvdGVybXMvIiBzdHlsZT0iZm9udC1zaXplOiAxM3B4OyI+Cgo8YSBwcm9wZXJ0eT0iZGN0OnRpdGxlIiByZWw9ImNjOmF0dHJpYnV0aW9uVVJMIiBocmVmPSJodHRwczovL2xlYXJuaW5naW5ub3ZhdGlvbi5jYS9mci9zdGltLyI+TGV0aGJyaWRnZSBQb2x5dGVjaG5pYyBTVElNIFByb2pldDwvYT4gcGFyIDxzcGFuIHByb3BlcnR5PSJjYzphdHRyaWJ1dGlvbk5hbWUiPkxldGhicmlkZ2UgUG9seXRlY2huaWM8L3NwYW4+IGVzdCBzb3VzIGxpY2VuY2UgCgo8YSBocmVmPSJodHRwczovL2NyZWF0aXZlY29tbW9ucy5vcmcvbGljZW5zZXMvYnktbmMtc2EvNC4wLz9yZWY9Y2hvb3Nlci12MSIgdGFyZ2V0PSJfYmxhbmsiIHJlbD0ibGljZW5zZSBub29wZW5lciBub3JlZmVycmVyIiBzdHlsZT0iZGlzcGxheTppbmxpbmUtYmxvY2s7Ij5DQyBCWS1OQy1TQSA0LjAKCjxpbWcgc3R5bGU9ImhlaWdodDoyMnB4IWltcG9ydGFudDttYXJnaW4tbGVmdDozcHg7dmVydGljYWwtYWxpZ246dGV4dC1ib3R0b207IiBzcmM9Imh0dHBzOi8vbWlycm9ycy5jcmVhdGl2ZWNvbW1vbnMub3JnL3ByZXNza2l0L2ljb25zL2NjLnN2Zz9yZWY9Y2hvb3Nlci12MSIgYWx0PSIiPgoKPGltZyBzdHlsZT0iaGVpZ2h0OjIycHghaW1wb3J0YW50O21hcmdpbi1sZWZ0OjNweDt2ZXJ0aWNhbC1hbGlnbjp0ZXh0LWJvdHRvbTsiIHNyYz0iaHR0cHM6Ly9taXJyb3JzLmNyZWF0aXZlY29tbW9ucy5vcmcvcHJlc3NraXQvaWNvbnMvYnkuc3ZnP3JlZj1jaG9vc2VyLXYxIiBhbHQ9IiI+Cgo8aW1nIHN0eWxlPSJoZWlnaHQ6MjJweCFpbXBvcnRhbnQ7bWFyZ2luLWxlZnQ6M3B4O3ZlcnRpY2FsLWFsaWduOnRleHQtYm90dG9tOyIgc3JjPSJodHRwczovL21pcnJvcnMuY3JlYXRpdmVjb21tb25zLm9yZy9wcmVzc2tpdC9pY29ucy9uYy5zdmc\/cmVmPWNob29zZXItdjEiIGFsdD0iIj4KCjxpbWcgc3R5bGU9ImhlaWdodDoyMnB4IWltcG9ydGFudDttYXJnaW4tbGVmdDozcHg7dmVydGljYWwtYWxpZ246dGV4dC1ib3R0b207IiBzcmM9Imh0dHBzOi8vbWlycm9ycy5jcmVhdGl2ZWNvbW1vbnMub3JnL3ByZXNza2l0L2ljb25zL3NhLnN2Zz9yZWY9Y2hvb3Nlci12MSIgYWx0PSIiPgoKPC9hPgoKPC9wPg==[\/vc_raw_html][\/vc_column][\/vc_row]<\/p>\n<\/div>","protected":false},"excerpt":{"rendered":"<p>Vous souhaitez en savoir plus sur nos outils et nos processus? Nous avons con\u00e7u des mini-cours ax\u00e9s sur les aspects essentiels de notre travail. <\/p>\n","protected":false},"author":178942057,"featured_media":28712,"parent":0,"menu_order":0,"comment_status":"closed","ping_status":"closed","template":"","meta":{"_coblocks_attr":"","_coblocks_dimensions":"","_coblocks_responsive_height":"","_coblocks_accordion_ie_support":"","_eb_attr":"","_crdt_document":"","_monsterinsights_skip_tracking":false,"_monsterinsights_sitenote_active":false,"_monsterinsights_sitenote_note":"","_monsterinsights_sitenote_category":0,"postBodyCss":"","postBodyMargin":[],"postBodyPadding":[],"postBodyBackground":{"backgroundType":"classic","gradient":""},"advanced_seo_description":"","jetpack_seo_html_title":"","jetpack_seo_noindex":false,"jetpack_post_was_ever_published":false,"footnotes":""},"class_list":["post-31501","page","type-page","status-publish","has-post-thumbnail","hentry","odd"],"jetpack_shortlink":"https:\/\/wp.me\/PbCczE-8c5","jetpack_sharing_enabled":true,"amp_enabled":false,"_links":{"self":[{"href":"https:\/\/learninginnovation.ca\/fr\/wp-json\/wp\/v2\/pages\/31501","targetHints":{"allow":["GET"]}}],"collection":[{"href":"https:\/\/learninginnovation.ca\/fr\/wp-json\/wp\/v2\/pages"}],"about":[{"href":"https:\/\/learninginnovation.ca\/fr\/wp-json\/wp\/v2\/types\/page"}],"author":[{"embeddable":true,"href":"https:\/\/learninginnovation.ca\/fr\/wp-json\/wp\/v2\/users\/178942057"}],"replies":[{"embeddable":true,"href":"https:\/\/learninginnovation.ca\/fr\/wp-json\/wp\/v2\/comments?post=31501"}],"version-history":[{"count":44,"href":"https:\/\/learninginnovation.ca\/fr\/wp-json\/wp\/v2\/pages\/31501\/revisions"}],"predecessor-version":[{"id":32900,"href":"https:\/\/learninginnovation.ca\/fr\/wp-json\/wp\/v2\/pages\/31501\/revisions\/32900"}],"wp:featuredmedia":[{"embeddable":true,"href":"https:\/\/learninginnovation.ca\/fr\/wp-json\/wp\/v2\/media\/28712"}],"wp:attachment":[{"href":"https:\/\/learninginnovation.ca\/fr\/wp-json\/wp\/v2\/media?parent=31501"}],"curies":[{"name":"wp","href":"https:\/\/api.w.org\/{rel}","templated":true}]}}